{"id":7763,"date":"2023-09-25T23:40:36","date_gmt":"2023-09-25T22:40:36","guid":{"rendered":"https:\/\/ai.ac.rs\/?page_id=7763"},"modified":"2025-01-30T15:01:07","modified_gmt":"2025-01-30T14:01:07","slug":"administration","status":"publish","type":"page","link":"https:\/\/ai.ac.rs\/en\/administration\/","title":{"rendered":"Administration"},"content":{"rendered":"<section class=\"wpb-content-wrapper\"><p>[vc_row][vc_column][vc_column_text]<\/p>\n<h5><strong>Director<\/strong><\/h5>\n<p>Dr Sne\u017eana Golubovi\u0107, Principal Research Fellow<\/p>\n<p>&nbsp;<\/p>\n<h5><strong>Governing Board:<\/strong><\/h5>\n<ul>\n<li>Dr Zoran Ognjanovi\u0107, Mathematical Institute of the Serbian Academy of Sciences and Arts (Chair)<\/li>\n<li>Dr Sofija Stefanovi\u0107, Professor of Physical Anthropology, Faculty of Philosophy<\/li>\n<li>Prof. Dr Nenad Tasi\u0107, Faculty of Philosophy<\/li>\n<li>Prof. Dr Jelena Erdeljan, Faculty of Philosophy<\/li>\n<li>Dr Gordana Jeremi\u0107, Principal Research Fellow, Institute of Archaeology, Belgrade<\/li>\n<li>Dr Milica Tapavi\u010dki-Ili\u0107, Principal Research Fellow, Institute of Archaeology, Belgrade<\/li>\n<li>Dr Aleksandar Kapuran, Principal Research Fellow, Institute of Archaeology, Belgrade<\/li>\n<\/ul>\n<h5><strong>Scientific Council:<\/strong><\/h5>\n<ul>\n<li>Dr Aleksandar Kapuran, Principal Research Fellow (Chair)<\/li>\n<li>Dr Sofija Petkovi\u0107, Principal Research Fellow<\/li>\n<li>Dr Vesna Biki\u0107, Principal Research Fellow<\/li>\n<li>Dr Aleksandar Bulatovi\u0107, Principal Research Fellow<\/li>\n<li>Dr Sne\u017eana Golubovi\u0107, Principal Research Fellow<\/li>\n<li>Dr Aleksandar Bo\u0161kovi\u0107, Principal Research Fellow<\/li>\n<li>Dr Milica Tapavi\u010dki-Ili\u0107, Principal Research Fellow<\/li>\n<li>Dr Mirjana Vojvoda, Principal Research Fellow<\/li>\n<li>Dr Nemanja Mr\u0111i\u0107, Senior Research Fellow<\/li>\n<li>Dr Vojislav Filipovi\u0107, Senior Research Fellow<\/li>\n<li>Dr Jelena An\u0111elkovi\u0107 Gra\u0161ar, Senior Research Fellow<\/li>\n<li>Dr Bebina Milovanovi\u0107, Senior Research Fellow<\/li>\n<li>Dr Emilija Nikoli\u0107, Senior Research Fellow<\/li>\n<\/ul>\n<p>[\/vc_column_text][\/vc_column][\/vc_row]<\/p>\n<\/section>","protected":false},"excerpt":{"rendered":"<p>[vc_row][vc_column][vc_column_text] Director Dr Sne\u017eana Golubovi\u0107, Principal Research Fellow &nbsp; Governing Board: Dr Zoran Ognjanovi\u0107, Mathematical Institute of the Serbian Academy of Sciences and Arts (Chair) Dr Sofija Stefanovi\u0107, Professor of Physical Anthropology, Faculty of Philosophy Prof. Dr Nenad Tasi\u0107, Faculty of Philosophy Prof. Dr Jelena Erdeljan, Faculty of Philosophy Dr Gordana Jeremi\u0107, Principal Research Fellow, Institute [&hellip;]<\/p>\n","protected":false},"author":1,"featured_media":0,"parent":0,"menu_order":0,"comment_status":"closed","ping_status":"closed","template":"","meta":{"_bbp_topic_count":0,"_bbp_reply_count":0,"_bbp_total_topic_count":0,"_bbp_total_reply_count":0,"_bbp_voice_count":0,"_bbp_anonymous_reply_count":0,"_bbp_topic_count_hidden":0,"_bbp_reply_count_hidden":0,"_bbp_forum_subforum_count":0,"inline_featured_image":false,"footnotes":""},"class_list":["post-7763","page","type-page","status-publish","hentry"],"yoast_head":"<!-- This site is optimized with the Yoast SEO plugin v22.0 - https:\/\/yoast.com\/wordpress\/plugins\/seo\/ -->\n<title>Administration - Institute of Archaeology<\/title>\n<meta name=\"robots\" content=\"index, follow, max-snippet:-1, max-image-preview:large, max-video-preview:-1\" \/>\n<link rel=\"canonical\" href=\"https:\/\/ai.ac.rs\/en\/administration\/\" \/>\n<meta property=\"og:locale\" content=\"en_US\" \/>\n<meta property=\"og:type\" content=\"article\" \/>\n<meta property=\"og:title\" content=\"Administration - Institute of Archaeology\" \/>\n<meta property=\"og:description\" content=\"[vc_row][vc_column][vc_column_text] Director Dr Sne\u017eana Golubovi\u0107, Principal Research Fellow &nbsp; Governing Board: Dr Zoran Ognjanovi\u0107, Mathematical Institute of the Serbian Academy of Sciences and Arts (Chair) Dr Sofija Stefanovi\u0107, Professor of Physical Anthropology, Faculty of Philosophy Prof. Dr Nenad Tasi\u0107, Faculty of Philosophy Prof. Dr Jelena Erdeljan, Faculty of Philosophy Dr Gordana Jeremi\u0107, Principal Research Fellow, Institute [&hellip;]\" \/>\n<meta property=\"og:url\" content=\"https:\/\/ai.ac.rs\/en\/administration\/\" \/>\n<meta property=\"og:site_name\" content=\"Institute of Archaeology\" \/>\n<meta property=\"article:publisher\" content=\"https:\/\/www.facebook.com\/profile.php?id=100063480880081&amp;sk\" \/>\n<meta property=\"article:modified_time\" content=\"2025-01-30T14:01:07+00:00\" \/>\n<meta name=\"twitter:card\" content=\"summary_large_image\" \/>\n<meta name=\"twitter:site\" content=\"@arheoinst\" \/>\n<meta name=\"twitter:label1\" content=\"Est. reading time\" \/>\n\t<meta name=\"twitter:data1\" content=\"1 minute\" \/>\n<script type=\"application\/ld+json\" class=\"yoast-schema-graph\">{\"@context\":\"https:\/\/schema.org\",\"@graph\":[{\"@type\":\"WebPage\",\"@id\":\"https:\/\/ai.ac.rs\/en\/administration\/\",\"url\":\"https:\/\/ai.ac.rs\/en\/administration\/\",\"name\":\"Administration - Institute of Archaeology\",\"isPartOf\":{\"@id\":\"https:\/\/ai.ac.rs\/#website\"},\"datePublished\":\"2023-09-25T22:40:36+00:00\",\"dateModified\":\"2025-01-30T14:01:07+00:00\",\"breadcrumb\":{\"@id\":\"https:\/\/ai.ac.rs\/en\/administration\/#breadcrumb\"},\"inLanguage\":\"en-US\",\"potentialAction\":[{\"@type\":\"ReadAction\",\"target\":[\"https:\/\/ai.ac.rs\/en\/administration\/\"]}]},{\"@type\":\"BreadcrumbList\",\"@id\":\"https:\/\/ai.ac.rs\/en\/administration\/#breadcrumb\",\"itemListElement\":[{\"@type\":\"ListItem\",\"position\":1,\"name\":\"\u041f\u043e\u0447\u0435\u0442\u043d\u0430\",\"item\":\"https:\/\/ai.ac.rs\/en\/\"},{\"@type\":\"ListItem\",\"position\":2,\"name\":\"Administration\"}]},{\"@type\":\"WebSite\",\"@id\":\"https:\/\/ai.ac.rs\/#website\",\"url\":\"https:\/\/ai.ac.rs\/\",\"name\":\"A\u0440\u0445\u0435\u043e\u043b\u043e\u0448\u043a\u0438 \u0438\u043d\u0441\u0442\u0438\u0442\u0443\u0442\",\"description\":\"Srbija\",\"publisher\":{\"@id\":\"https:\/\/ai.ac.rs\/#organization\"},\"potentialAction\":[{\"@type\":\"SearchAction\",\"target\":{\"@type\":\"EntryPoint\",\"urlTemplate\":\"https:\/\/ai.ac.rs\/?s={search_term_string}\"},\"query-input\":\"required name=search_term_string\"}],\"inLanguage\":\"en-US\"},{\"@type\":\"Organization\",\"@id\":\"https:\/\/ai.ac.rs\/#organization\",\"name\":\"A\u0440\u0445\u0435\u043e\u043b\u043e\u0448\u043a\u0438 \u0438\u043d\u0441\u0442\u0438\u0442\u0443\u0442\",\"url\":\"https:\/\/ai.ac.rs\/\",\"logo\":{\"@type\":\"ImageObject\",\"inLanguage\":\"en-US\",\"@id\":\"https:\/\/ai.ac.rs\/#\/schema\/logo\/image\/\",\"url\":\"https:\/\/ai.ac.rs\/wp-content\/uploads\/2023\/07\/f-logop.png\",\"contentUrl\":\"https:\/\/ai.ac.rs\/wp-content\/uploads\/2023\/07\/f-logop.png\",\"width\":300,\"height\":238,\"caption\":\"A\u0440\u0445\u0435\u043e\u043b\u043e\u0448\u043a\u0438 \u0438\u043d\u0441\u0442\u0438\u0442\u0443\u0442\"},\"image\":{\"@id\":\"https:\/\/ai.ac.rs\/#\/schema\/logo\/image\/\"},\"sameAs\":[\"https:\/\/www.facebook.com\/profile.php?id=100063480880081&sk\",\"https:\/\/twitter.com\/arheoinst\",\"https:\/\/www.instagram.com\/arheoloski.institut.rs\/\"]}]}<\/script>\n<!-- \/ Yoast SEO plugin. -->","yoast_head_json":{"title":"Administration - Institute of Archaeology","robots":{"index":"index","follow":"follow","max-snippet":"max-snippet:-1","max-image-preview":"max-image-preview:large","max-video-preview":"max-video-preview:-1"},"canonical":"https:\/\/ai.ac.rs\/en\/administration\/","og_locale":"en_US","og_type":"article","og_title":"Administration - Institute of Archaeology","og_description":"[vc_row][vc_column][vc_column_text] Director Dr Sne\u017eana Golubovi\u0107, Principal Research Fellow &nbsp; Governing Board: Dr Zoran Ognjanovi\u0107, Mathematical Institute of the Serbian Academy of Sciences and Arts (Chair) Dr Sofija Stefanovi\u0107, Professor of Physical Anthropology, Faculty of Philosophy Prof. Dr Nenad Tasi\u0107, Faculty of Philosophy Prof. Dr Jelena Erdeljan, Faculty of Philosophy Dr Gordana Jeremi\u0107, Principal Research Fellow, Institute [&hellip;]","og_url":"https:\/\/ai.ac.rs\/en\/administration\/","og_site_name":"Institute of Archaeology","article_publisher":"https:\/\/www.facebook.com\/profile.php?id=100063480880081&sk","article_modified_time":"2025-01-30T14:01:07+00:00","twitter_card":"summary_large_image","twitter_site":"@arheoinst","twitter_misc":{"Est. reading time":"1 minute"},"schema":{"@context":"https:\/\/schema.org","@graph":[{"@type":"WebPage","@id":"https:\/\/ai.ac.rs\/en\/administration\/","url":"https:\/\/ai.ac.rs\/en\/administration\/","name":"Administration - Institute of Archaeology","isPartOf":{"@id":"https:\/\/ai.ac.rs\/#website"},"datePublished":"2023-09-25T22:40:36+00:00","dateModified":"2025-01-30T14:01:07+00:00","breadcrumb":{"@id":"https:\/\/ai.ac.rs\/en\/administration\/#breadcrumb"},"inLanguage":"en-US","potentialAction":[{"@type":"ReadAction","target":["https:\/\/ai.ac.rs\/en\/administration\/"]}]},{"@type":"BreadcrumbList","@id":"https:\/\/ai.ac.rs\/en\/administration\/#breadcrumb","itemListElement":[{"@type":"ListItem","position":1,"name":"\u041f\u043e\u0447\u0435\u0442\u043d\u0430","item":"https:\/\/ai.ac.rs\/en\/"},{"@type":"ListItem","position":2,"name":"Administration"}]},{"@type":"WebSite","@id":"https:\/\/ai.ac.rs\/#website","url":"https:\/\/ai.ac.rs\/","name":"A\u0440\u0445\u0435\u043e\u043b\u043e\u0448\u043a\u0438 \u0438\u043d\u0441\u0442\u0438\u0442\u0443\u0442","description":"Srbija","publisher":{"@id":"https:\/\/ai.ac.rs\/#organization"},"potentialAction":[{"@type":"SearchAction","target":{"@type":"EntryPoint","urlTemplate":"https:\/\/ai.ac.rs\/?s={search_term_string}"},"query-input":"required name=search_term_string"}],"inLanguage":"en-US"},{"@type":"Organization","@id":"https:\/\/ai.ac.rs\/#organization","name":"A\u0440\u0445\u0435\u043e\u043b\u043e\u0448\u043a\u0438 \u0438\u043d\u0441\u0442\u0438\u0442\u0443\u0442","url":"https:\/\/ai.ac.rs\/","logo":{"@type":"ImageObject","inLanguage":"en-US","@id":"https:\/\/ai.ac.rs\/#\/schema\/logo\/image\/","url":"https:\/\/ai.ac.rs\/wp-content\/uploads\/2023\/07\/f-logop.png","contentUrl":"https:\/\/ai.ac.rs\/wp-content\/uploads\/2023\/07\/f-logop.png","width":300,"height":238,"caption":"A\u0440\u0445\u0435\u043e\u043b\u043e\u0448\u043a\u0438 \u0438\u043d\u0441\u0442\u0438\u0442\u0443\u0442"},"image":{"@id":"https:\/\/ai.ac.rs\/#\/schema\/logo\/image\/"},"sameAs":["https:\/\/www.facebook.com\/profile.php?id=100063480880081&sk","https:\/\/twitter.com\/arheoinst","https:\/\/www.instagram.com\/arheoloski.institut.rs\/"]}]}},"_links":{"self":[{"href":"https:\/\/ai.ac.rs\/en\/wp-json\/wp\/v2\/pages\/7763","targetHints":{"allow":["GET"]}}],"collection":[{"href":"https:\/\/ai.ac.rs\/en\/wp-json\/wp\/v2\/pages"}],"about":[{"href":"https:\/\/ai.ac.rs\/en\/wp-json\/wp\/v2\/types\/page"}],"author":[{"embeddable":true,"href":"https:\/\/ai.ac.rs\/en\/wp-json\/wp\/v2\/users\/1"}],"replies":[{"embeddable":true,"href":"https:\/\/ai.ac.rs\/en\/wp-json\/wp\/v2\/comments?post=7763"}],"version-history":[{"count":3,"href":"https:\/\/ai.ac.rs\/en\/wp-json\/wp\/v2\/pages\/7763\/revisions"}],"predecessor-version":[{"id":10171,"href":"https:\/\/ai.ac.rs\/en\/wp-json\/wp\/v2\/pages\/7763\/revisions\/10171"}],"wp:attachment":[{"href":"https:\/\/ai.ac.rs\/en\/wp-json\/wp\/v2\/media?parent=7763"}],"curies":[{"name":"wp","href":"https:\/\/api.w.org\/{rel}","templated":true}]}}