{"id":7344,"date":"2023-09-25T23:52:17","date_gmt":"2023-09-25T22:52:17","guid":{"rendered":"https:\/\/ai.ac.rs\/?page_id=7344"},"modified":"2026-02-23T13:33:11","modified_gmt":"2026-02-23T12:33:11","slug":"staff","status":"publish","type":"page","link":"https:\/\/ai.ac.rs\/en\/staff\/","title":{"rendered":"Staff"},"content":{"rendered":"<section class=\"wpb-content-wrapper\"><p>[vc_row][vc_column width=&#8221;1\/3&#8243;][vc_column_text]<strong>Administrative Staff:<\/strong><\/p>\n<p>Branislava Elez, Chief Secretary<\/p>\n<p>Veselinka Kuva\u010d, Head Accountant<\/p>\n<p>Maja Jovanovi\u0107, Liquidator<\/p>\n<p>Sanja Slankamenac, Head Librarian<\/p>\n<p>Nina Miljkovi\u0107, Independent Officer for General Affairs<\/p>\n<p>Sladjana Jovanovi\u0107, Paymaster<\/p>\n<p>Milan Milovanovi\u0107, Documentarian[\/vc_column_text][\/vc_column][vc_column width=&#8221;1\/3&#8243;][\/vc_column][vc_column width=&#8221;1\/3&#8243;][\/vc_column][\/vc_row][vc_row][vc_column][vc_empty_space][vc_separator][vc_column_text]<\/p>\n<h5><strong>Academic Staff:<\/strong><\/h5>\n<p>[\/vc_column_text][\/vc_column][\/vc_row][vc_row][vc_column width=&#8221;1\/3&#8243;][vc_column_text]<a href=\"https:\/\/ai.ac.rs\/en\/instructor\/director-dr-snezana-golubovic\/\">Dr. Sne\u017eana GOLUBOVI\u0106, Principal Researcj Fellow, Direktor of the Institute<\/a><\/p>\n<p><a href=\"https:\/\/ai.ac.rs\/en\/instructor\/dr-vesna-bikic\/\">Dr. Vesna BIKI\u0106, Principal Research Fellow<\/a><\/p>\n<p><a href=\"https:\/\/ai.ac.rs\/en\/instructor\/prof-dr-aleksandar-boskovic\/\">Dr. Aleksandar BO\u0160KOVI\u0106, Principal Research Fellow<\/a><\/p>\n<p><a href=\"https:\/\/ai.ac.rs\/en\/instructor\/dr-aleksandar-bulatovic\/\">Dr. Aleksandar BULATOVI\u0106, Principal Research Fellow<\/a><\/p>\n<p><a href=\"https:\/\/ai.ac.rs\/en\/instructor\/dr-selena-vitezovic\/\">Dr. Selena VITEZOVI\u0106, Principal Research Fellow<\/a><\/p>\n<p><a href=\"https:\/\/ai.ac.rs\/en\/instructor\/dr-mirjana-vojvoda\/\">Dr. Mirjana VOJVODA, Principal Research Fellow<\/a><\/p>\n<p><a href=\"https:\/\/ai.ac.rs\/en\/instructor\/dr-nadezda-gavrilovic-vitas\/\">Dr. Nade\u017eda GAVRILOVI\u0106 VITAS, Principal Research Fellow<\/a><\/p>\n<p><a href=\"https:\/\/ai.ac.rs\/en\/instructor\/dr-gordana-jeremic\/\">Dr. Gordana JEREMI\u0106, Principal Research Fellow<\/a><\/p>\n<p><a href=\"https:\/\/ai.ac.rs\/en\/instructor\/dr-aleksandar-kapuran\/\">Dr. Aleksandar KAPURAN, Principal Research Fellow<\/a><\/p>\n<p><a href=\"https:\/\/ai.ac.rs\/en\/instructor\/dr-natasa-miladinovic-radmilovic\/\">Dr. Nata\u0161a MILADINOVI\u0106-RADMILOVI\u0106, Principal Research Fellow<\/a><\/p>\n<p><a href=\"https:\/\/ai.ac.rs\/en\/instructor\/dr-sanja-pilipovic\/\">Dr. Sanja PILIPOVI\u0106, Principal Research Fellow<\/a><\/p>\n<p><a href=\"https:\/\/ai.ac.rs\/en\/instructor\/dr-milica-tapavicki-ilic\/\">Dr. Milica TAPAVI\u010cKI ILI\u0106, Principal Research Fellow<\/a><\/p>\n<p><a href=\"https:\/\/ai.ac.rs\/en\/instructor\/dr-vojislav-filipovic\/\">Dr. Vojislav FILIPOVI\u0106, Principal Research Fellow<\/a><\/p>\n<p><a href=\"https:\/\/ai.ac.rs\/en\/instructor\/dr-jelena-andjelkovic-grasar\/\">Dr. Jelena AN\u0110ELKOVI\u0106 GRA\u0160AR, Senior Research Associate<\/a><\/p>\n<p><a href=\"https:\/\/ai.ac.rs\/en\/instructor\/dr-ivan-bugarski\/\">Dr. Ivan BUGARSKI, Senior Research Associate<\/a><\/p>\n<p><a href=\"https:\/\/ai.ac.rs\/en\/instructor\/dr-ivan-vranic\/\">Dr. Ivan VRANI\u0106, Senior Research Associate<\/a><\/p>\n<p><a href=\"https:\/\/ai.ac.rs\/en\/instructor\/dr-dragana-gavrilovic\/\">Dr. Dragana GAVRILOVI\u0106, Senior Research Associate<\/a><\/p>\n<p><a href=\"https:\/\/ai.ac.rs\/en\/instructor\/dr-radmila-zotovic\/\">Dr. Radmila ZOTOVI\u0106, Senior Research Associate<\/a><\/p>\n<p><a href=\"https:\/\/ai.ac.rs\/en\/instructor\/dr-nemanja-markovic\/\">Dr. Nemanja MARKOVI\u0106, Senior Research Associate<\/a><\/p>\n<p><a href=\"https:\/\/ai.ac.rs\/en\/instructor\/dr-ilija-mikic\/\">Dr. Ilija MIKI\u0106, Senior Research Associate<\/a><\/p>\n<p><a href=\"https:\/\/ai.ac.rs\/en\/instructor\/dr-dragan-milanovic\/\">Dr. Dragan MILANOVI\u0106, Senior Research Associate<\/a><\/p>\n<p><a href=\"https:\/\/ai.ac.rs\/en\/instructor\/dr-bebina-milovanovic\/\">Dr. Bebina MILOVANOVI\u0106, Senior Research Associate<\/a><\/p>\n<p><a href=\"https:\/\/ai.ac.rs\/en\/instructor\/dr-nemanja-mrdjic\/\">Dr. Nemanja MR\u0110I\u0106, Senior Research Associate<\/a><\/p>\n<p><a href=\"https:\/\/ai.ac.rs\/en\/instructor\/dr-emilija-nikolic\/\">Dr. Emilija NIKOLI\u0106, Senior research associate<\/a>[\/vc_column_text][\/vc_column][vc_column width=&#8221;1\/3&#8243;][vc_column_text]<a href=\"https:\/\/ai.ac.rs\/en\/instructor\/dr-angelina-raickovic-savic\/\">Dr. Angelina RAI\u010cKOVI\u0106 SAVI\u0106, Senior Research Associate<\/a><\/p>\n<p><a href=\"https:\/\/ai.ac.rs\/en\/instructor\/dr-sasa-redzic\/\">Dr. Sa\u0161a RED\u017dI\u0106, Senior Research Associate<\/a><\/p>\n<p><a href=\"https:\/\/ai.ac.rs\/en\/instructor\/dr-vidan-dimic\/\">Dr. Vidan DIMI\u0106, Research Associate<\/a><\/p>\n<p><a href=\"https:\/\/ai.ac.rs\/en\/instructor\/dr-olga-bajcev\/\">Dr. Olga BAJ\u010cEV, Research Associate<\/a><\/p>\n<p><a href=\"https:\/\/ai.ac.rs\/en\/instructor\/dr-igor-bjelic\/\">Dr. Igor BJELI\u0106, Research Associate<\/a><\/p>\n<p><a href=\"https:\/\/ai.ac.rs\/en\/instructor\/dr-ivan-bogdanovic\/\">Dr. Ivan BOGDANOVI\u0106, Research Associate<\/a><\/p>\n<p><a href=\"https:\/\/ai.ac.rs\/en\/instructor\/dr-jelena-zivkovic\/\">Dr Jelena \u017dIVKOVI\u0106<strong>, <\/strong>Research Associate<\/a><\/p>\n<p><a href=\"https:\/\/ai.ac.rs\/en\/instructor\/ma-ugljesa-vojvodic\/\">Dr. Uglje\u0161a VOJVODI\u0106, Research Associate<\/a><\/p>\n<p><a href=\"https:\/\/ai.ac.rs\/en\/instructor\/dr-dragana-vulovic\/\">Dr. Dragana VULOVI\u0106, Research Associate<\/a><\/p>\n<p><a href=\"https:\/\/ai.ac.rs\/en\/instructor\/dr-ivan-gargano\/\">Dr. Ivan GARGANO, Research Associate<\/a><\/p>\n<p><a href=\"https:\/\/ai.ac.rs\/en\/instructor\/dr-ilija-dankovic\/\">Dr. Ilija DANKOVI\u0106, Research Associate<\/a><\/p>\n<p><a href=\"https:\/\/ai.ac.rs\/en\/instructor\/dr-ivana-dimitrijevic\/\">Dr. Ivana DIMITRIJEVI\u0106, Research Associate<\/a><\/p>\n<p><a href=\"https:\/\/ai.ac.rs\/en\/instructor\/dr-olivera-ilic\/\">Dr. Olivera ILI\u0106, Research Associate<\/a><\/p>\n<p><a href=\"https:\/\/ai.ac.rs\/en\/instructor\/7033\/\">Dr. Ljubomir JEVTOVI\u0106, Research Associate<\/a><\/p>\n<p><a href=\"https:\/\/ai.ac.rs\/en\/instructor\/dr-sonja-jovanovic\/\">Dr. Sonja JOVANOVI\u0106, Research Associate<\/a><\/p>\n<p><a href=\"https:\/\/ai.ac.rs\/en\/instructor\/dr-mladen-jovicic\/\">Dr. Mladen JOVI\u010cI\u0106, Research Associate<\/a><\/p>\n<p><a href=\"https:\/\/ai.ac.rs\/en\/instructor\/ma-marija-jovic\/\">Dr. Marija JOVI\u0106, Research Associate<\/a><\/p>\n<p>Dr. Milan MILADINOVI\u0106, <a href=\"https:\/\/ai.ac.rs\/en\/instructor\/dr-milan-milovanovic\/\">Research Associate<\/a><\/p>\n<p><a href=\"https:\/\/ai.ac.rs\/en\/instructor\/dr-milica-radisic\/\">Dr. Milica RADI\u0160I\u0106, Research Associate<\/a><\/p>\n<p><a href=\"https:\/\/ai.ac.rs\/en\/instructor\/ma-milica-marjanovic\/\">Dr. Milica MARJANOVI\u0106, Research Associate<\/a><\/p>\n<p><a href=\"https:\/\/ai.ac.rs\/en\/instructor\/ma-petar-milojevic\/\">Dr. Petar MILOJEVI\u0106, Research Associate<\/a><\/p>\n<p><a href=\"https:\/\/ai.ac.rs\/en\/instructor\/dr-ognjen-mladenovic\/\">Dr. Ognjen MLADENOVI\u0106, Research Associate<\/a><\/p>\n<p><a href=\"https:\/\/ai.ac.rs\/en\/instructor\/dr-djurdja-obradovic\/\">Dr. \u0110ur\u0111a OBRADOVI\u0106, Research Associate<\/a><\/p>\n<p><a href=\"https:\/\/ai.ac.rs\/en\/instructor\/dr-stefan-pop-lazic\/\">Dr. Stefan POP-LAZI\u0106, Research Associate<\/a><\/p>\n<p><a href=\"https:\/\/ai.ac.rs\/en\/instructor\/dr-bo%d1%98an-popovi%d1%9b\/\">Dr. Bojan POPOVI\u0106, Research Associate<\/a>[\/vc_column_text][\/vc_column][vc_column width=&#8221;1\/3&#8243;][vc_column_text]<a href=\"https:\/\/ai.ac.rs\/en\/instructor\/ma-ana-mitic\/\">MA Ana MITI\u0106, Research Assistant<\/a><\/p>\n<p><a href=\"https:\/\/ai.ac.rs\/en\/instructor\/ma-danica-mihailovic\/\">MA Danica MIHAILOVI\u0106, Research Assistant<\/a><\/p>\n<p><a href=\"https:\/\/ai.ac.rs\/en\/instructor\/ma-mladen-mladenovi%d1%9b\/\">MA Mladen MLADENOVI\u0106, Research Assistant<\/a><\/p>\n<p><a href=\"https:\/\/ai.ac.rs\/en\/instructor\/ma-ivan-nincic\/\">MA Ivan NIN\u010cI\u0106, Research Assistant<\/a><\/p>\n<p><a href=\"https:\/\/ai.ac.rs\/en\/instructor\/ma-ruzica-savic\/\">MA Ru\u017eica SAVI\u0106, Research Assistant<\/a><\/p>\n<p><a href=\"https:\/\/ai.ac.rs\/en\/instructor\/ma-srecko-zivanovic\/\">MA Sre\u0107ko \u017dIVANOVI\u010c, Research <\/a><a href=\"https:\/\/ai.ac.rs\/en\/instructor\/ma-danica-grujic\/\">Trainee<\/a><\/p>\n<p><a href=\"https:\/\/ai.ac.rs\/en\/instructor\/ma-mirjana-djordjevic\/\">MA Mirjana \u0110OR\u0110EVI\u0106, Research Trainee<\/a><\/p>\n<p><a href=\"https:\/\/ai.ac.rs\/en\/instructor\/ma-danica-grujic\/\">MA Danica GRUJI\u0106, Research Trainee\u00a0<\/a><\/p>\n<p><a href=\"https:\/\/ai.ac.rs\/en\/instructor\/ma-bojana-zoric\/\">MA Bojana ZORI\u0106, Research Trainee<\/a><\/p>\n<p><a href=\"https:\/\/ai.ac.rs\/en\/instructor\/ma-kristina-ponjavic\/\">MA Kristina PONJAVI\u0106, Research Trainee<\/a><\/p>\n<p><a href=\"https:\/\/ai.ac.rs\/en\/instructor\/ma-milan-prodanovic\/\">MA Milan PRODANOVI\u0106, Research Trainee<\/a><\/p>\n<p><a href=\"https:\/\/ai.ac.rs\/en\/instructor\/ma-petar-ko%d1%98adinovic\/\">MA Petar KOJADINOVI\u0106, Research Trainee<\/a><\/p>\n<p><a href=\"https:\/\/ai.ac.rs\/en\/instructor\/ma-stefan-stancic\/\">MA Stefan STAN\u010cI\u0106, Research Trainee<\/a><\/p>\n<p><a href=\"https:\/\/ai.ac.rs\/en\/instructor\/ma-goran-stojic\/\">MA Goran STOJI\u0106, Research Trainee<\/a><\/p>\n<p><a href=\"https:\/\/ai.ac.rs\/en\/instructor\/ma-ivana-kosanovic\/\">MA Ivana KOSANOVI\u0106, Associate<\/a><\/p>\n<p><a href=\"https:\/\/ai.ac.rs\/en\/instructor\/dr-miomir-korac\/\">Dr. Miomir KORA\u0106, Principal Research Fellow<\/a><\/p>\n<p><a href=\"https:\/\/ai.ac.rs\/en\/instructor\/dr-slavisa-peric\/\">Dr. Slavi\u0161a PERI\u0106, Principal Research Fellow<\/a>[\/vc_column_text][\/vc_column][\/vc_row][vc_row][vc_column][vc_empty_space][vc_separator][vc_column_text]<strong>Former Members of the Institute of Archaeology:<\/strong>[\/vc_column_text][\/vc_column][\/vc_row][vc_row][vc_column width=&#8221;1\/3&#8243;][vc_column_text]\u0110ur\u0111e Bo\u0161kovi\u0107, 1947-1978.<\/p>\n<p>Miodrag Grbi\u0107, 1949-1969.<\/p>\n<p>Nade\u017eda Mandi\u0107, 1949-1984.<\/p>\n<p>Nevenka Petrovi\u0107 Stalio, 1949-1970.<\/p>\n<p>Milutin Gara\u0161anin, 1950-1957.<\/p>\n<p>\u0110or\u0111e Stri\u010devi\u0107, 1952-1966.<\/p>\n<p>Du\u0161anka Vu\u010dkovi\u0107-Todorovi\u0107, 1954-1974.<\/p>\n<p>Ljubica Zotovi\u0107, 1955-1995.<\/p>\n<p>Radivoje Ljubinkovi\u0107, 1957-1976.<\/p>\n<p>Vojislav Trbuhovi\u0107, 1958-1994.<\/p>\n<p>Borislav Jovanovi\u0107, 1959-1995.<\/p>\n<p>Maja Parovi\u0107-Pe\u0161ikan, 1959-1997.[\/vc_column_text][\/vc_column][vc_column width=&#8221;1\/3&#8243;][vc_column_text]Pavle Mijovi\u0107, 1961-1981.<\/p>\n<p>Mirko Kova\u010devi\u0107, 1963-1990.<\/p>\n<p>Vladislav Popovi\u0107, 1965-1977.<\/p>\n<p>Slavenka Ercegovi\u0107-Pavlovi\u0107, 1965-1988.<\/p>\n<p>Du\u0161ica Mini\u0107, 1966-1997.<\/p>\n<p>Petar Petrovi\u0107, 1966-1997.<\/p>\n<p>Rastko Vasi\u0107, 1969-2004.<\/p>\n<p>Ana Premk, 1970-1997.<\/p>\n<p>Vladimir Kondi\u0107, 1970-1973. i 1980-1994.<\/p>\n<p>Miroslav Jeremi\u0107, 1970-2010.<\/p>\n<p>Ana Popovi\u0107, 1972-1984.<\/p>\n<p>Petar Popovi\u0107, 1976-2013.[\/vc_column_text][\/vc_column][vc_column width=&#8221;1\/3&#8243;][vc_column_text]Ljiljana Bjelajac, 1976-1994.<\/p>\n<p>Ljubinka Babovi\u0107, 1976-1978.<\/p>\n<p>Marko Popovi\u0107, 1976-2011.<\/p>\n<p>\u0110or\u0111e Jankovi\u0107, 1977-1979.<\/p>\n<p>Miloje Vasi\u0107, 1978-2007.<\/p>\n<p>Mihailo Milinkovi\u0107, 1980-1986.<\/p>\n<p>Gordana Milo\u0161evi\u0107, 1981-2008.<\/p>\n<p>Miodrag Tomovi\u0107, 1989-2007.<\/p>\n<p>Sofija Petkovi\u0107, 1990-2025.<\/p>\n<p>Milorad Stoji\u0107, 1994-2013.<\/p>\n<p>Dragana Antonovi\u0107, 1995-2025.<\/p>\n<p>Josip \u0160ari\u0107, 1997-2020<\/p>\n<p>Ivana Radovanovi\u0107, 1998-2001.<\/p>\n<p>Perica \u0160pehar, 2002-2012.[\/vc_column_text][\/vc_column][\/vc_row][vc_row][vc_column width=&#8221;1\/3&#8243;][\/vc_column][vc_column width=&#8221;1\/3&#8243;][\/vc_column][vc_column width=&#8221;1\/3&#8243;][\/vc_column][\/vc_row]<\/p>\n<\/section>","protected":false},"excerpt":{"rendered":"<p>[vc_row][vc_column width=&#8221;1\/3&#8243;][vc_column_text]Administrative Staff: Branislava Elez, Chief Secretary Veselinka Kuva\u010d, Head Accountant Maja Jovanovi\u0107, Liquidator Sanja Slankamenac, Head Librarian Nina Miljkovi\u0107, Independent Officer for General Affairs Sladjana Jovanovi\u0107, Paymaster Milan Milovanovi\u0107, Documentarian[\/vc_column_text][\/vc_column][vc_column width=&#8221;1\/3&#8243;][\/vc_column][vc_column width=&#8221;1\/3&#8243;][\/vc_column][\/vc_row][vc_row][vc_column][vc_empty_space][vc_separator][vc_column_text] Academic Staff: [\/vc_column_text][\/vc_column][\/vc_row][vc_row][vc_column width=&#8221;1\/3&#8243;][vc_column_text]Dr. Sne\u017eana GOLUBOVI\u0106, Principal Researcj Fellow, Direktor of the Institute Dr. Vesna BIKI\u0106, Principal Research Fellow Dr. Aleksandar BO\u0160KOVI\u0106, Principal [&hellip;]<\/p>\n","protected":false},"author":2,"featured_media":0,"parent":0,"menu_order":0,"comment_status":"closed","ping_status":"closed","template":"","meta":{"_bbp_topic_count":0,"_bbp_reply_count":0,"_bbp_total_topic_count":0,"_bbp_total_reply_count":0,"_bbp_voice_count":0,"_bbp_anonymous_reply_count":0,"_bbp_topic_count_hidden":0,"_bbp_reply_count_hidden":0,"_bbp_forum_subforum_count":0,"inline_featured_image":false,"footnotes":""},"class_list":["post-7344","page","type-page","status-publish","hentry"],"yoast_head":"<!-- This site is optimized with the Yoast SEO plugin v22.0 - https:\/\/yoast.com\/wordpress\/plugins\/seo\/ -->\n<title>Staff - Institute of Archaeology<\/title>\n<meta name=\"robots\" content=\"index, follow, max-snippet:-1, max-image-preview:large, max-video-preview:-1\" \/>\n<link rel=\"canonical\" href=\"https:\/\/ai.ac.rs\/en\/staff\/\" \/>\n<meta property=\"og:locale\" content=\"en_US\" \/>\n<meta property=\"og:type\" content=\"article\" \/>\n<meta property=\"og:title\" content=\"Staff - Institute of Archaeology\" \/>\n<meta property=\"og:description\" content=\"[vc_row][vc_column width=&#8221;1\/3&#8243;][vc_column_text]Administrative Staff: Branislava Elez, Chief Secretary Veselinka Kuva\u010d, Head Accountant Maja Jovanovi\u0107, Liquidator Sanja Slankamenac, Head Librarian Nina Miljkovi\u0107, Independent Officer for General Affairs Sladjana Jovanovi\u0107, Paymaster Milan Milovanovi\u0107, Documentarian[\/vc_column_text][\/vc_column][vc_column width=&#8221;1\/3&#8243;][\/vc_column][vc_column width=&#8221;1\/3&#8243;][\/vc_column][\/vc_row][vc_row][vc_column][vc_empty_space][vc_separator][vc_column_text] Academic Staff: [\/vc_column_text][\/vc_column][\/vc_row][vc_row][vc_column width=&#8221;1\/3&#8243;][vc_column_text]Dr. Sne\u017eana GOLUBOVI\u0106, Principal Researcj Fellow, Direktor of the Institute Dr. Vesna BIKI\u0106, Principal Research Fellow Dr. Aleksandar BO\u0160KOVI\u0106, Principal [&hellip;]\" \/>\n<meta property=\"og:url\" content=\"https:\/\/ai.ac.rs\/en\/staff\/\" \/>\n<meta property=\"og:site_name\" content=\"Institute of Archaeology\" \/>\n<meta property=\"article:publisher\" content=\"https:\/\/www.facebook.com\/profile.php?id=100063480880081&amp;sk\" \/>\n<meta property=\"article:modified_time\" content=\"2026-02-23T12:33:11+00:00\" \/>\n<meta name=\"twitter:card\" content=\"summary_large_image\" \/>\n<meta name=\"twitter:site\" content=\"@arheoinst\" \/>\n<meta name=\"twitter:label1\" content=\"Est. reading time\" \/>\n\t<meta name=\"twitter:data1\" content=\"3 minutes\" \/>\n<script type=\"application\/ld+json\" class=\"yoast-schema-graph\">{\"@context\":\"https:\/\/schema.org\",\"@graph\":[{\"@type\":\"WebPage\",\"@id\":\"https:\/\/ai.ac.rs\/en\/staff\/\",\"url\":\"https:\/\/ai.ac.rs\/en\/staff\/\",\"name\":\"Staff - Institute of Archaeology\",\"isPartOf\":{\"@id\":\"https:\/\/ai.ac.rs\/#website\"},\"datePublished\":\"2023-09-25T22:52:17+00:00\",\"dateModified\":\"2026-02-23T12:33:11+00:00\",\"breadcrumb\":{\"@id\":\"https:\/\/ai.ac.rs\/en\/staff\/#breadcrumb\"},\"inLanguage\":\"en-US\",\"potentialAction\":[{\"@type\":\"ReadAction\",\"target\":[\"https:\/\/ai.ac.rs\/en\/staff\/\"]}]},{\"@type\":\"BreadcrumbList\",\"@id\":\"https:\/\/ai.ac.rs\/en\/staff\/#breadcrumb\",\"itemListElement\":[{\"@type\":\"ListItem\",\"position\":1,\"name\":\"\u041f\u043e\u0447\u0435\u0442\u043d\u0430\",\"item\":\"https:\/\/ai.ac.rs\/en\/\"},{\"@type\":\"ListItem\",\"position\":2,\"name\":\"Staff\"}]},{\"@type\":\"WebSite\",\"@id\":\"https:\/\/ai.ac.rs\/#website\",\"url\":\"https:\/\/ai.ac.rs\/\",\"name\":\"A\u0440\u0445\u0435\u043e\u043b\u043e\u0448\u043a\u0438 \u0438\u043d\u0441\u0442\u0438\u0442\u0443\u0442\",\"description\":\"Srbija\",\"publisher\":{\"@id\":\"https:\/\/ai.ac.rs\/#organization\"},\"potentialAction\":[{\"@type\":\"SearchAction\",\"target\":{\"@type\":\"EntryPoint\",\"urlTemplate\":\"https:\/\/ai.ac.rs\/?s={search_term_string}\"},\"query-input\":\"required name=search_term_string\"}],\"inLanguage\":\"en-US\"},{\"@type\":\"Organization\",\"@id\":\"https:\/\/ai.ac.rs\/#organization\",\"name\":\"A\u0440\u0445\u0435\u043e\u043b\u043e\u0448\u043a\u0438 \u0438\u043d\u0441\u0442\u0438\u0442\u0443\u0442\",\"url\":\"https:\/\/ai.ac.rs\/\",\"logo\":{\"@type\":\"ImageObject\",\"inLanguage\":\"en-US\",\"@id\":\"https:\/\/ai.ac.rs\/#\/schema\/logo\/image\/\",\"url\":\"https:\/\/ai.ac.rs\/wp-content\/uploads\/2023\/07\/f-logop.png\",\"contentUrl\":\"https:\/\/ai.ac.rs\/wp-content\/uploads\/2023\/07\/f-logop.png\",\"width\":300,\"height\":238,\"caption\":\"A\u0440\u0445\u0435\u043e\u043b\u043e\u0448\u043a\u0438 \u0438\u043d\u0441\u0442\u0438\u0442\u0443\u0442\"},\"image\":{\"@id\":\"https:\/\/ai.ac.rs\/#\/schema\/logo\/image\/\"},\"sameAs\":[\"https:\/\/www.facebook.com\/profile.php?id=100063480880081&sk\",\"https:\/\/twitter.com\/arheoinst\",\"https:\/\/www.instagram.com\/arheoloski.institut.rs\/\"]}]}<\/script>\n<!-- \/ Yoast SEO plugin. -->","yoast_head_json":{"title":"Staff - Institute of Archaeology","robots":{"index":"index","follow":"follow","max-snippet":"max-snippet:-1","max-image-preview":"max-image-preview:large","max-video-preview":"max-video-preview:-1"},"canonical":"https:\/\/ai.ac.rs\/en\/staff\/","og_locale":"en_US","og_type":"article","og_title":"Staff - Institute of Archaeology","og_description":"[vc_row][vc_column width=&#8221;1\/3&#8243;][vc_column_text]Administrative Staff: Branislava Elez, Chief Secretary Veselinka Kuva\u010d, Head Accountant Maja Jovanovi\u0107, Liquidator Sanja Slankamenac, Head Librarian Nina Miljkovi\u0107, Independent Officer for General Affairs Sladjana Jovanovi\u0107, Paymaster Milan Milovanovi\u0107, Documentarian[\/vc_column_text][\/vc_column][vc_column width=&#8221;1\/3&#8243;][\/vc_column][vc_column width=&#8221;1\/3&#8243;][\/vc_column][\/vc_row][vc_row][vc_column][vc_empty_space][vc_separator][vc_column_text] Academic Staff: [\/vc_column_text][\/vc_column][\/vc_row][vc_row][vc_column width=&#8221;1\/3&#8243;][vc_column_text]Dr. Sne\u017eana GOLUBOVI\u0106, Principal Researcj Fellow, Direktor of the Institute Dr. Vesna BIKI\u0106, Principal Research Fellow Dr. Aleksandar BO\u0160KOVI\u0106, Principal [&hellip;]","og_url":"https:\/\/ai.ac.rs\/en\/staff\/","og_site_name":"Institute of Archaeology","article_publisher":"https:\/\/www.facebook.com\/profile.php?id=100063480880081&sk","article_modified_time":"2026-02-23T12:33:11+00:00","twitter_card":"summary_large_image","twitter_site":"@arheoinst","twitter_misc":{"Est. reading time":"3 minutes"},"schema":{"@context":"https:\/\/schema.org","@graph":[{"@type":"WebPage","@id":"https:\/\/ai.ac.rs\/en\/staff\/","url":"https:\/\/ai.ac.rs\/en\/staff\/","name":"Staff - Institute of Archaeology","isPartOf":{"@id":"https:\/\/ai.ac.rs\/#website"},"datePublished":"2023-09-25T22:52:17+00:00","dateModified":"2026-02-23T12:33:11+00:00","breadcrumb":{"@id":"https:\/\/ai.ac.rs\/en\/staff\/#breadcrumb"},"inLanguage":"en-US","potentialAction":[{"@type":"ReadAction","target":["https:\/\/ai.ac.rs\/en\/staff\/"]}]},{"@type":"BreadcrumbList","@id":"https:\/\/ai.ac.rs\/en\/staff\/#breadcrumb","itemListElement":[{"@type":"ListItem","position":1,"name":"\u041f\u043e\u0447\u0435\u0442\u043d\u0430","item":"https:\/\/ai.ac.rs\/en\/"},{"@type":"ListItem","position":2,"name":"Staff"}]},{"@type":"WebSite","@id":"https:\/\/ai.ac.rs\/#website","url":"https:\/\/ai.ac.rs\/","name":"A\u0440\u0445\u0435\u043e\u043b\u043e\u0448\u043a\u0438 \u0438\u043d\u0441\u0442\u0438\u0442\u0443\u0442","description":"Srbija","publisher":{"@id":"https:\/\/ai.ac.rs\/#organization"},"potentialAction":[{"@type":"SearchAction","target":{"@type":"EntryPoint","urlTemplate":"https:\/\/ai.ac.rs\/?s={search_term_string}"},"query-input":"required name=search_term_string"}],"inLanguage":"en-US"},{"@type":"Organization","@id":"https:\/\/ai.ac.rs\/#organization","name":"A\u0440\u0445\u0435\u043e\u043b\u043e\u0448\u043a\u0438 \u0438\u043d\u0441\u0442\u0438\u0442\u0443\u0442","url":"https:\/\/ai.ac.rs\/","logo":{"@type":"ImageObject","inLanguage":"en-US","@id":"https:\/\/ai.ac.rs\/#\/schema\/logo\/image\/","url":"https:\/\/ai.ac.rs\/wp-content\/uploads\/2023\/07\/f-logop.png","contentUrl":"https:\/\/ai.ac.rs\/wp-content\/uploads\/2023\/07\/f-logop.png","width":300,"height":238,"caption":"A\u0440\u0445\u0435\u043e\u043b\u043e\u0448\u043a\u0438 \u0438\u043d\u0441\u0442\u0438\u0442\u0443\u0442"},"image":{"@id":"https:\/\/ai.ac.rs\/#\/schema\/logo\/image\/"},"sameAs":["https:\/\/www.facebook.com\/profile.php?id=100063480880081&sk","https:\/\/twitter.com\/arheoinst","https:\/\/www.instagram.com\/arheoloski.institut.rs\/"]}]}},"_links":{"self":[{"href":"https:\/\/ai.ac.rs\/en\/wp-json\/wp\/v2\/pages\/7344","targetHints":{"allow":["GET"]}}],"collection":[{"href":"https:\/\/ai.ac.rs\/en\/wp-json\/wp\/v2\/pages"}],"about":[{"href":"https:\/\/ai.ac.rs\/en\/wp-json\/wp\/v2\/types\/page"}],"author":[{"embeddable":true,"href":"https:\/\/ai.ac.rs\/en\/wp-json\/wp\/v2\/users\/2"}],"replies":[{"embeddable":true,"href":"https:\/\/ai.ac.rs\/en\/wp-json\/wp\/v2\/comments?post=7344"}],"version-history":[{"count":24,"href":"https:\/\/ai.ac.rs\/en\/wp-json\/wp\/v2\/pages\/7344\/revisions"}],"predecessor-version":[{"id":10679,"href":"https:\/\/ai.ac.rs\/en\/wp-json\/wp\/v2\/pages\/7344\/revisions\/10679"}],"wp:attachment":[{"href":"https:\/\/ai.ac.rs\/en\/wp-json\/wp\/v2\/media?parent=7344"}],"curies":[{"name":"wp","href":"https:\/\/api.w.org\/{rel}","templated":true}]}}